{"id":31,"date":"2020-04-13T11:18:52","date_gmt":"2020-04-13T11:18:52","guid":{"rendered":"https:\/\/monosistema.com.mx\/index.php\/about\/"},"modified":"2024-01-24T04:40:26","modified_gmt":"2024-01-24T04:40:26","slug":"nosotros","status":"publish","type":"page","link":"https:\/\/monosistema.com.mx\/index.php\/nosotros\/","title":{"rendered":"Nosotros"},"content":{"rendered":"\t\t<div data-elementor-type=\"wp-page\" data-elementor-id=\"31\" class=\"elementor elementor-31\">\n\t\t\t\t<div class=\"elementor-element elementor-element-9010cd0 e-flex e-con-boxed e-con e-parent\" data-id=\"9010cd0\" data-element_type=\"container\" data-e-type=\"container\" data-settings=\"{&quot;background_background&quot;:&quot;classic&quot;}\">\n\t\t\t\t\t<div class=\"e-con-inner\">\n\t\t<div class=\"elementor-element elementor-element-5a69cc7 e-con-full animated-slow e-flex elementor-invisible e-con e-child\" data-id=\"5a69cc7\" data-element_type=\"container\" data-e-type=\"container\" data-settings=\"{&quot;animation&quot;:&quot;fadeInRight&quot;}\">\n\t\t\t\t<div class=\"elementor-element elementor-element-f184ec7 elementor-widget elementor-widget-heading\" data-id=\"f184ec7\" data-element_type=\"widget\" data-e-type=\"widget\" data-widget_type=\"heading.default\">\n\t\t\t\t<div class=\"elementor-widget-container\">\n\t\t\t\t\t<h1 class=\"elementor-heading-title elementor-size-default\">NOSOTROS<\/h1>\t\t\t\t<\/div>\n\t\t\t\t<\/div>\n\t\t\t\t<\/div>\n\t\t\t\t\t<\/div>\n\t\t\t\t<\/div>\n\t\t<div class=\"elementor-element elementor-element-a529ccb e-flex e-con-boxed e-con e-parent\" data-id=\"a529ccb\" data-element_type=\"container\" data-e-type=\"container\">\n\t\t\t\t\t<div class=\"e-con-inner\">\n\t\t<div class=\"elementor-element elementor-element-83324c1 e-con-full animated-slow e-flex elementor-invisible e-con e-child\" data-id=\"83324c1\" data-element_type=\"container\" data-e-type=\"container\" data-settings=\"{&quot;animation&quot;:&quot;fadeInLeft&quot;}\">\n\t\t\t\t<div class=\"elementor-element elementor-element-fe74094 elementor-widget elementor-widget-image\" data-id=\"fe74094\" data-element_type=\"widget\" data-e-type=\"widget\" data-widget_type=\"image.default\">\n\t\t\t\t<div class=\"elementor-widget-container\">\n\t\t\t\t\t\t\t\t\t\t\t\t\t\t\t<img fetchpriority=\"high\" decoding=\"async\" width=\"1024\" height=\"784\" src=\"https:\/\/monosistema.com.mx\/wp-content\/uploads\/2024\/01\/Nosotros.jpg\" class=\"attachment-large size-large wp-image-954\" alt=\"\" \/>\t\t\t\t\t\t\t\t\t\t\t\t\t\t\t<\/div>\n\t\t\t\t<\/div>\n\t\t\t\t<\/div>\n\t\t<div class=\"elementor-element elementor-element-c4f6020 e-con-full animated-slow e-flex elementor-invisible e-con e-child\" data-id=\"c4f6020\" data-element_type=\"container\" data-e-type=\"container\" data-settings=\"{&quot;animation&quot;:&quot;fadeInRight&quot;}\">\n\t\t\t\t<div class=\"elementor-element elementor-element-40a9718 elementor-widget elementor-widget-text-editor\" data-id=\"40a9718\" data-element_type=\"widget\" data-e-type=\"widget\" data-widget_type=\"text-editor.default\">\n\t\t\t\t<div class=\"elementor-widget-container\">\n\t\t\t\t\t\t\t\t\t<p>En Monosistema, nos apasiona la creaci\u00f3n de soluciones tecnol\u00f3gicas integrales que impulsen el \u00e9xito de nuestros clientes. Desde nuestra fundaci\u00f3n, hemos estado comprometidos con la idea de que la combinaci\u00f3n perfecta entre hardware y software es la clave para desbloquear el potencial completo de la tecnolog\u00eda.<\/p>\t\t\t\t\t\t\t\t<\/div>\n\t\t\t\t<\/div>\n\t\t\t\t<div class=\"elementor-element elementor-element-7f646ff elementor-widget elementor-widget-text-editor\" data-id=\"7f646ff\" data-element_type=\"widget\" data-e-type=\"widget\" data-widget_type=\"text-editor.default\">\n\t\t\t\t<div class=\"elementor-widget-container\">\n\t\t\t\t\t\t\t\t\t<p>Nos especializamos en ofrecer una amplia gama de productos y servicios, desde hardware confiable hasta software innovador y soluciones personalizadas. Nos esforzamos por ser un socio integral para nuestros clientes, brind\u00e1ndoles las herramientas y el conocimiento necesario para enfrentar los desaf\u00edos tecnol\u00f3gicos de hoy y del futuro.<\/p><p>Creemos en la innovaci\u00f3n, la calidad y el servicio excepcional. Nos esforzamos por construir relaciones s\u00f3lidas con nuestros clientes, basadas en la confianza mutua y el compromiso compartido hacia el \u00e9xito. En Monosistema, no solo ofrecemos productos y servicios, sino tambi\u00e9n soluciones que impulsan la transformaci\u00f3n digital.<\/p>\t\t\t\t\t\t\t\t<\/div>\n\t\t\t\t<\/div>\n\t\t\t\t<\/div>\n\t\t\t\t\t<\/div>\n\t\t\t\t<\/div>\n\t\t<div class=\"elementor-element elementor-element-b8ecf27 e-flex e-con-boxed e-con e-parent\" data-id=\"b8ecf27\" data-element_type=\"container\" data-e-type=\"container\" data-settings=\"{&quot;background_background&quot;:&quot;classic&quot;}\">\n\t\t\t\t\t<div class=\"e-con-inner\">\n\t\t<div class=\"elementor-element elementor-element-a77a16d e-con-full animated-slow e-flex elementor-invisible e-con e-child\" data-id=\"a77a16d\" data-element_type=\"container\" data-e-type=\"container\" data-settings=\"{&quot;animation&quot;:&quot;fadeInLeft&quot;}\">\n\t\t\t\t<div class=\"elementor-element elementor-element-a068337 elementor-widget elementor-widget-image-box\" data-id=\"a068337\" data-element_type=\"widget\" data-e-type=\"widget\" data-widget_type=\"image-box.default\">\n\t\t\t\t<div class=\"elementor-widget-container\">\n\t\t\t\t\t<div class=\"elementor-image-box-wrapper\"><div class=\"elementor-image-box-content\"><h2 class=\"elementor-image-box-title\">Misi\u00f3n<\/h2><p class=\"elementor-image-box-description\">Nos dedicamos a proporcionar soluciones tecnol\u00f3gicas innovadoras y de alta calidad que impulsen el \u00e9xito y la transformaci\u00f3n digital de nuestros clientes. Nos esforzamos por ser el socio tecnol\u00f3gico integral que ofrece hardware y software de vanguardia, as\u00ed como servicios personalizados, para satisfacer las necesidades cambiantes del entorno empresarial y contribuir al crecimiento sostenible de nuestros clientes.<\/p><\/div><\/div>\t\t\t\t<\/div>\n\t\t\t\t<\/div>\n\t\t\t\t<\/div>\n\t\t<div class=\"elementor-element elementor-element-3aa5dc7 e-con-full animated-slow e-flex elementor-invisible e-con e-child\" data-id=\"3aa5dc7\" data-element_type=\"container\" data-e-type=\"container\" data-settings=\"{&quot;animation&quot;:&quot;fadeIn&quot;}\">\n\t\t\t\t<div class=\"elementor-element elementor-element-d4fba09 elementor-widget elementor-widget-image-box\" data-id=\"d4fba09\" data-element_type=\"widget\" data-e-type=\"widget\" data-widget_type=\"image-box.default\">\n\t\t\t\t<div class=\"elementor-widget-container\">\n\t\t\t\t\t<div class=\"elementor-image-box-wrapper\"><div class=\"elementor-image-box-content\"><h2 class=\"elementor-image-box-title\">Visi\u00f3n<\/h2><p class=\"elementor-image-box-description\">Nos visualizamos como l\u00edderes en el mercado tecnol\u00f3gico, reconocidos por nuestra excelencia en la creaci\u00f3n de soluciones integrales que inspiran la innovaci\u00f3n y la eficiencia. Buscamos ser el referente en la convergencia de hardware y software, marcando el camino hacia un futuro digital donde la tecnolog\u00eda sea accesible, confiable y transformadora para todas las empresas.<\/p><\/div><\/div>\t\t\t\t<\/div>\n\t\t\t\t<\/div>\n\t\t\t\t<\/div>\n\t\t<div class=\"elementor-element elementor-element-fffeda3 e-con-full animated-slow e-flex elementor-invisible e-con e-child\" data-id=\"fffeda3\" data-element_type=\"container\" data-e-type=\"container\" data-settings=\"{&quot;animation&quot;:&quot;fadeInRight&quot;}\">\n\t\t\t\t<div class=\"elementor-element elementor-element-ab285cf elementor-widget elementor-widget-image-box\" data-id=\"ab285cf\" data-element_type=\"widget\" data-e-type=\"widget\" data-widget_type=\"image-box.default\">\n\t\t\t\t<div class=\"elementor-widget-container\">\n\t\t\t\t\t<div class=\"elementor-image-box-wrapper\"><div class=\"elementor-image-box-content\"><h2 class=\"elementor-image-box-title\">Valores<\/h2><p class=\"elementor-image-box-description\">Innovaci\u00f3n: Nos esforzamos por ser pioneros en la adopci\u00f3n de nuevas ideas y tecnolog\u00edas, fomentando la creatividad y la mejora continua en todo lo que hacemos.<br><br>\nCalidad: Nos comprometemos a ofrecer productos y servicios de la m\u00e1s alta calidad, garantizando la satisfacci\u00f3n y confianza de nuestros clientes en cada interacci\u00f3n.<br><br>\nIntegridad: Actuamos con honestidad y transparencia en todas nuestras relaciones comerciales y operaciones internas, manteniendo la confianza de nuestros clientes, empleados y socios.<\/p><\/div><\/div>\t\t\t\t<\/div>\n\t\t\t\t<\/div>\n\t\t\t\t<\/div>\n\t\t\t\t\t<\/div>\n\t\t\t\t<\/div>\n\t\t\t\t<\/div>\n\t\t","protected":false},"excerpt":{"rendered":"<p>NOSOTROS En Monosistema, nos apasiona la creaci\u00f3n de soluciones tecnol\u00f3gicas integrales que impulsen el \u00e9xito de nuestros clientes. Desde nuestra fundaci\u00f3n, hemos estado comprometidos con la idea de que la combinaci\u00f3n perfecta entre hardware y software es la clave para desbloquear el potencial completo de la tecnolog\u00eda. Nos especializamos en ofrecer una amplia gama de [&hellip;]<\/p>\n","protected":false},"author":1,"featured_media":0,"parent":0,"menu_order":0,"comment_status":"closed","ping_status":"closed","template":"","meta":{"site-sidebar-layout":"no-sidebar","site-content-layout":"page-builder","ast-site-content-layout":"default","site-content-style":"default","site-sidebar-style":"default","ast-global-header-display":"","ast-banner-title-visibility":"","ast-main-header-display":"","ast-hfb-above-header-display":"","ast-hfb-below-header-display":"","ast-hfb-mobile-header-display":"","site-post-title":"disabled","ast-breadcrumbs-content":"","ast-featured-img":"","footer-sml-layout":"","ast-disable-related-posts":"","theme-transparent-header-meta":"enabled","adv-header-id-meta":"","stick-header-meta":"","header-above-stick-meta":"","header-main-stick-meta":"","header-below-stick-meta":"","astra-migrate-meta-layouts":"default","ast-page-background-enabled":"default","ast-page-background-meta":{"desktop":{"background-color":"","background-image":"","background-repeat":"repeat","background-position":"center center","background-size":"auto","background-attachment":"scroll","background-type":"","background-media":"","overlay-type":"","overlay-color":"","overlay-opacity":"","overlay-gradient":""},"tablet":{"background-color":"","background-image":"","background-repeat":"repeat","background-position":"center center","background-size":"auto","background-attachment":"scroll","background-type":"","background-media":"","overlay-type":"","overlay-color":"","overlay-opacity":"","overlay-gradient":""},"mobile":{"background-color":"","background-image":"","background-repeat":"repeat","background-position":"center center","background-size":"auto","background-attachment":"scroll","background-type":"","background-media":"","overlay-type":"","overlay-color":"","overlay-opacity":"","overlay-gradient":""}},"ast-content-background-meta":{"desktop":{"background-color":"var(--ast-global-color-5)","background-image":"","background-repeat":"repeat","background-position":"center center","background-size":"auto","background-attachment":"scroll","background-type":"","background-media":"","overlay-type":"","overlay-color":"","overlay-opacity":"","overlay-gradient":""},"tablet":{"background-color":"var(--ast-global-color-5)","background-image":"","background-repeat":"repeat","background-position":"center center","background-size":"auto","background-attachment":"scroll","background-type":"","background-media":"","overlay-type":"","overlay-color":"","overlay-opacity":"","overlay-gradient":""},"mobile":{"background-color":"var(--ast-global-color-5)","background-image":"","background-repeat":"repeat","background-position":"center center","background-size":"auto","background-attachment":"scroll","background-type":"","background-media":"","overlay-type":"","overlay-color":"","overlay-opacity":"","overlay-gradient":""}},"footnotes":""},"class_list":["post-31","page","type-page","status-publish","hentry"],"yoast_head":"<!-- This site is optimized with the Yoast SEO plugin v27.6 - https:\/\/yoast.com\/product\/yoast-seo-wordpress\/ -->\n<title>Nosotros - monosistema.com.mx<\/title>\n<meta name=\"robots\" content=\"index, follow, max-snippet:-1, max-image-preview:large, max-video-preview:-1\" \/>\n<link rel=\"canonical\" href=\"https:\/\/monosistema.com.mx\/index.php\/nosotros\/\" \/>\n<meta property=\"og:locale\" content=\"es_MX\" \/>\n<meta property=\"og:type\" content=\"article\" \/>\n<meta property=\"og:title\" content=\"Nosotros - monosistema.com.mx\" \/>\n<meta property=\"og:description\" content=\"NOSOTROS En Monosistema, nos apasiona la creaci\u00f3n de soluciones tecnol\u00f3gicas integrales que impulsen el \u00e9xito de nuestros clientes. Desde nuestra fundaci\u00f3n, hemos estado comprometidos con la idea de que la combinaci\u00f3n perfecta entre hardware y software es la clave para desbloquear el potencial completo de la tecnolog\u00eda. Nos especializamos en ofrecer una amplia gama de [&hellip;]\" \/>\n<meta property=\"og:url\" content=\"https:\/\/monosistema.com.mx\/index.php\/nosotros\/\" \/>\n<meta property=\"og:site_name\" content=\"monosistema.com.mx\" \/>\n<meta property=\"article:modified_time\" content=\"2024-01-24T04:40:26+00:00\" \/>\n<meta property=\"og:image\" content=\"http:\/\/monosistema.com.mx\/wp-content\/uploads\/2024\/01\/Nosotros.jpg\" \/>\n<meta name=\"twitter:card\" content=\"summary_large_image\" \/>\n<meta name=\"twitter:label1\" content=\"Tiempo de lectura\" \/>\n\t<meta name=\"twitter:data1\" content=\"1 minuto\" \/>\n<script type=\"application\/ld+json\" class=\"yoast-schema-graph\">{\"@context\":\"https:\\\/\\\/schema.org\",\"@graph\":[{\"@type\":\"WebPage\",\"@id\":\"https:\\\/\\\/monosistema.com.mx\\\/index.php\\\/nosotros\\\/\",\"url\":\"https:\\\/\\\/monosistema.com.mx\\\/index.php\\\/nosotros\\\/\",\"name\":\"Nosotros - monosistema.com.mx\",\"isPartOf\":{\"@id\":\"https:\\\/\\\/monosistema.com.mx\\\/#website\"},\"primaryImageOfPage\":{\"@id\":\"https:\\\/\\\/monosistema.com.mx\\\/index.php\\\/nosotros\\\/#primaryimage\"},\"image\":{\"@id\":\"https:\\\/\\\/monosistema.com.mx\\\/index.php\\\/nosotros\\\/#primaryimage\"},\"thumbnailUrl\":\"http:\\\/\\\/monosistema.com.mx\\\/wp-content\\\/uploads\\\/2024\\\/01\\\/Nosotros.jpg\",\"datePublished\":\"2020-04-13T11:18:52+00:00\",\"dateModified\":\"2024-01-24T04:40:26+00:00\",\"breadcrumb\":{\"@id\":\"https:\\\/\\\/monosistema.com.mx\\\/index.php\\\/nosotros\\\/#breadcrumb\"},\"inLanguage\":\"es\",\"potentialAction\":[{\"@type\":\"ReadAction\",\"target\":[\"https:\\\/\\\/monosistema.com.mx\\\/index.php\\\/nosotros\\\/\"]}]},{\"@type\":\"ImageObject\",\"inLanguage\":\"es\",\"@id\":\"https:\\\/\\\/monosistema.com.mx\\\/index.php\\\/nosotros\\\/#primaryimage\",\"url\":\"http:\\\/\\\/monosistema.com.mx\\\/wp-content\\\/uploads\\\/2024\\\/01\\\/Nosotros.jpg\",\"contentUrl\":\"http:\\\/\\\/monosistema.com.mx\\\/wp-content\\\/uploads\\\/2024\\\/01\\\/Nosotros.jpg\"},{\"@type\":\"BreadcrumbList\",\"@id\":\"https:\\\/\\\/monosistema.com.mx\\\/index.php\\\/nosotros\\\/#breadcrumb\",\"itemListElement\":[{\"@type\":\"ListItem\",\"position\":1,\"name\":\"Inicio\",\"item\":\"https:\\\/\\\/monosistema.com.mx\\\/\"},{\"@type\":\"ListItem\",\"position\":2,\"name\":\"Nosotros\"}]},{\"@type\":\"WebSite\",\"@id\":\"https:\\\/\\\/monosistema.com.mx\\\/#website\",\"url\":\"https:\\\/\\\/monosistema.com.mx\\\/\",\"name\":\"monosistema.com.mx\",\"description\":\"\",\"publisher\":{\"@id\":\"https:\\\/\\\/monosistema.com.mx\\\/#organization\"},\"potentialAction\":[{\"@type\":\"SearchAction\",\"target\":{\"@type\":\"EntryPoint\",\"urlTemplate\":\"https:\\\/\\\/monosistema.com.mx\\\/?s={search_term_string}\"},\"query-input\":{\"@type\":\"PropertyValueSpecification\",\"valueRequired\":true,\"valueName\":\"search_term_string\"}}],\"inLanguage\":\"es\"},{\"@type\":\"Organization\",\"@id\":\"https:\\\/\\\/monosistema.com.mx\\\/#organization\",\"name\":\"monosistema.com.mx\",\"url\":\"https:\\\/\\\/monosistema.com.mx\\\/\",\"logo\":{\"@type\":\"ImageObject\",\"inLanguage\":\"es\",\"@id\":\"https:\\\/\\\/monosistema.com.mx\\\/#\\\/schema\\\/logo\\\/image\\\/\",\"url\":\"https:\\\/\\\/monosistema.com.mx\\\/wp-content\\\/uploads\\\/2024\\\/01\\\/MONOSISTEMA-LOGO-400X400.png\",\"contentUrl\":\"https:\\\/\\\/monosistema.com.mx\\\/wp-content\\\/uploads\\\/2024\\\/01\\\/MONOSISTEMA-LOGO-400X400.png\",\"width\":400,\"height\":400,\"caption\":\"monosistema.com.mx\"},\"image\":{\"@id\":\"https:\\\/\\\/monosistema.com.mx\\\/#\\\/schema\\\/logo\\\/image\\\/\"}}]}<\/script>\n<!-- \/ Yoast SEO plugin. -->","yoast_head_json":{"title":"Nosotros - monosistema.com.mx","robots":{"index":"index","follow":"follow","max-snippet":"max-snippet:-1","max-image-preview":"max-image-preview:large","max-video-preview":"max-video-preview:-1"},"canonical":"https:\/\/monosistema.com.mx\/index.php\/nosotros\/","og_locale":"es_MX","og_type":"article","og_title":"Nosotros - monosistema.com.mx","og_description":"NOSOTROS En Monosistema, nos apasiona la creaci\u00f3n de soluciones tecnol\u00f3gicas integrales que impulsen el \u00e9xito de nuestros clientes. Desde nuestra fundaci\u00f3n, hemos estado comprometidos con la idea de que la combinaci\u00f3n perfecta entre hardware y software es la clave para desbloquear el potencial completo de la tecnolog\u00eda. Nos especializamos en ofrecer una amplia gama de [&hellip;]","og_url":"https:\/\/monosistema.com.mx\/index.php\/nosotros\/","og_site_name":"monosistema.com.mx","article_modified_time":"2024-01-24T04:40:26+00:00","og_image":[{"url":"http:\/\/monosistema.com.mx\/wp-content\/uploads\/2024\/01\/Nosotros.jpg","type":"","width":"","height":""}],"twitter_card":"summary_large_image","twitter_misc":{"Tiempo de lectura":"1 minuto"},"schema":{"@context":"https:\/\/schema.org","@graph":[{"@type":"WebPage","@id":"https:\/\/monosistema.com.mx\/index.php\/nosotros\/","url":"https:\/\/monosistema.com.mx\/index.php\/nosotros\/","name":"Nosotros - monosistema.com.mx","isPartOf":{"@id":"https:\/\/monosistema.com.mx\/#website"},"primaryImageOfPage":{"@id":"https:\/\/monosistema.com.mx\/index.php\/nosotros\/#primaryimage"},"image":{"@id":"https:\/\/monosistema.com.mx\/index.php\/nosotros\/#primaryimage"},"thumbnailUrl":"http:\/\/monosistema.com.mx\/wp-content\/uploads\/2024\/01\/Nosotros.jpg","datePublished":"2020-04-13T11:18:52+00:00","dateModified":"2024-01-24T04:40:26+00:00","breadcrumb":{"@id":"https:\/\/monosistema.com.mx\/index.php\/nosotros\/#breadcrumb"},"inLanguage":"es","potentialAction":[{"@type":"ReadAction","target":["https:\/\/monosistema.com.mx\/index.php\/nosotros\/"]}]},{"@type":"ImageObject","inLanguage":"es","@id":"https:\/\/monosistema.com.mx\/index.php\/nosotros\/#primaryimage","url":"http:\/\/monosistema.com.mx\/wp-content\/uploads\/2024\/01\/Nosotros.jpg","contentUrl":"http:\/\/monosistema.com.mx\/wp-content\/uploads\/2024\/01\/Nosotros.jpg"},{"@type":"BreadcrumbList","@id":"https:\/\/monosistema.com.mx\/index.php\/nosotros\/#breadcrumb","itemListElement":[{"@type":"ListItem","position":1,"name":"Inicio","item":"https:\/\/monosistema.com.mx\/"},{"@type":"ListItem","position":2,"name":"Nosotros"}]},{"@type":"WebSite","@id":"https:\/\/monosistema.com.mx\/#website","url":"https:\/\/monosistema.com.mx\/","name":"monosistema.com.mx","description":"","publisher":{"@id":"https:\/\/monosistema.com.mx\/#organization"},"potentialAction":[{"@type":"SearchAction","target":{"@type":"EntryPoint","urlTemplate":"https:\/\/monosistema.com.mx\/?s={search_term_string}"},"query-input":{"@type":"PropertyValueSpecification","valueRequired":true,"valueName":"search_term_string"}}],"inLanguage":"es"},{"@type":"Organization","@id":"https:\/\/monosistema.com.mx\/#organization","name":"monosistema.com.mx","url":"https:\/\/monosistema.com.mx\/","logo":{"@type":"ImageObject","inLanguage":"es","@id":"https:\/\/monosistema.com.mx\/#\/schema\/logo\/image\/","url":"https:\/\/monosistema.com.mx\/wp-content\/uploads\/2024\/01\/MONOSISTEMA-LOGO-400X400.png","contentUrl":"https:\/\/monosistema.com.mx\/wp-content\/uploads\/2024\/01\/MONOSISTEMA-LOGO-400X400.png","width":400,"height":400,"caption":"monosistema.com.mx"},"image":{"@id":"https:\/\/monosistema.com.mx\/#\/schema\/logo\/image\/"}}]}},"_links":{"self":[{"href":"https:\/\/monosistema.com.mx\/index.php\/wp-json\/wp\/v2\/pages\/31","targetHints":{"allow":["GET"]}}],"collection":[{"href":"https:\/\/monosistema.com.mx\/index.php\/wp-json\/wp\/v2\/pages"}],"about":[{"href":"https:\/\/monosistema.com.mx\/index.php\/wp-json\/wp\/v2\/types\/page"}],"author":[{"embeddable":true,"href":"https:\/\/monosistema.com.mx\/index.php\/wp-json\/wp\/v2\/users\/1"}],"replies":[{"embeddable":true,"href":"https:\/\/monosistema.com.mx\/index.php\/wp-json\/wp\/v2\/comments?post=31"}],"version-history":[{"count":52,"href":"https:\/\/monosistema.com.mx\/index.php\/wp-json\/wp\/v2\/pages\/31\/revisions"}],"predecessor-version":[{"id":1124,"href":"https:\/\/monosistema.com.mx\/index.php\/wp-json\/wp\/v2\/pages\/31\/revisions\/1124"}],"wp:attachment":[{"href":"https:\/\/monosistema.com.mx\/index.php\/wp-json\/wp\/v2\/media?parent=31"}],"curies":[{"name":"wp","href":"https:\/\/api.w.org\/{rel}","templated":true}]}}