{"id":32,"date":"2020-04-13T11:18:50","date_gmt":"2020-04-13T11:18:50","guid":{"rendered":"https:\/\/monosistema.com.mx\/index.php\/services\/"},"modified":"2024-09-22T03:42:47","modified_gmt":"2024-09-22T03:42:47","slug":"servicios","status":"publish","type":"page","link":"https:\/\/monosistema.com.mx\/index.php\/servicios\/","title":{"rendered":"Servicios"},"content":{"rendered":"\t\t<div data-elementor-type=\"wp-page\" data-elementor-id=\"32\" class=\"elementor elementor-32\">\n\t\t\t\t<div class=\"elementor-element elementor-element-632a7fa e-flex e-con-boxed e-con e-parent\" data-id=\"632a7fa\" data-element_type=\"container\" data-e-type=\"container\" data-settings=\"{&quot;background_background&quot;:&quot;classic&quot;}\">\n\t\t\t\t\t<div class=\"e-con-inner\">\n\t\t<div class=\"elementor-element elementor-element-868c7c6 e-con-full animated-slow e-flex elementor-invisible e-con e-child\" data-id=\"868c7c6\" data-element_type=\"container\" data-e-type=\"container\" data-settings=\"{&quot;animation&quot;:&quot;fadeInRight&quot;}\">\n\t\t\t\t<div class=\"elementor-element elementor-element-735da12 elementor-widget elementor-widget-heading\" data-id=\"735da12\" data-element_type=\"widget\" data-e-type=\"widget\" data-widget_type=\"heading.default\">\n\t\t\t\t<div class=\"elementor-widget-container\">\n\t\t\t\t\t<h1 class=\"elementor-heading-title elementor-size-default\">SERVICIOS<\/h1>\t\t\t\t<\/div>\n\t\t\t\t<\/div>\n\t\t\t\t<\/div>\n\t\t\t\t\t<\/div>\n\t\t\t\t<\/div>\n\t\t<div class=\"elementor-element elementor-element-27d9087 animated-slow e-flex e-con-boxed elementor-invisible e-con e-parent\" data-id=\"27d9087\" data-element_type=\"container\" data-e-type=\"container\" data-settings=\"{&quot;animation&quot;:&quot;fadeInLeft&quot;}\">\n\t\t\t\t\t<div class=\"e-con-inner\">\n\t\t<div class=\"elementor-element elementor-element-1bb4ead e-con-full e-flex e-con e-child\" data-id=\"1bb4ead\" data-element_type=\"container\" data-e-type=\"container\">\n\t\t\t\t<div class=\"elementor-element elementor-element-9c40c94 elementor-widget elementor-widget-image-box\" data-id=\"9c40c94\" data-element_type=\"widget\" data-e-type=\"widget\" data-widget_type=\"image-box.default\">\n\t\t\t\t<div class=\"elementor-widget-container\">\n\t\t\t\t\t<div class=\"elementor-image-box-wrapper\"><div class=\"elementor-image-box-content\"><h2 class=\"elementor-image-box-title\">Venta de Hardware<\/h2><p class=\"elementor-image-box-description\">En el \u00e1mbito de hardware, Monosistema se destaca por ofrecer una amplia gama de soluciones tecnol\u00f3gicas robustas y confiables. Desde componentes esenciales hasta sistemas completos, nuestro cat\u00e1logo abarca equipos de \u00faltima generaci\u00f3n dise\u00f1ados para satisfacer las demandas de rendimiento, eficiencia y durabilidad. Ya sea que necesites actualizar tu infraestructura inform\u00e1tica o encontrar soluciones espec\u00edficas para tu empresa, en Monosistema encontrar\u00e1s hardware de alta calidad respaldado por la experiencia t\u00e9cnica de nuestro equipo.<\/p><\/div><\/div>\t\t\t\t<\/div>\n\t\t\t\t<\/div>\n\t\t\t\t<\/div>\n\t\t<div class=\"elementor-element elementor-element-11f63ad e-con-full e-flex e-con e-child\" data-id=\"11f63ad\" data-element_type=\"container\" data-e-type=\"container\">\n\t\t\t\t<div class=\"elementor-element elementor-element-f6ecc00 elementor-widget elementor-widget-image\" data-id=\"f6ecc00\" data-element_type=\"widget\" data-e-type=\"widget\" data-widget_type=\"image.default\">\n\t\t\t\t<div class=\"elementor-widget-container\">\n\t\t\t\t\t\t\t\t\t\t\t\t\t\t\t<img fetchpriority=\"high\" decoding=\"async\" width=\"740\" height=\"400\" src=\"https:\/\/monosistema.com.mx\/wp-content\/uploads\/2024\/01\/hardware.jpeg\" class=\"attachment-large size-large wp-image-1045\" alt=\"\" \/>\t\t\t\t\t\t\t\t\t\t\t\t\t\t\t<\/div>\n\t\t\t\t<\/div>\n\t\t\t\t<\/div>\n\t\t\t\t\t<\/div>\n\t\t\t\t<\/div>\n\t\t<div class=\"elementor-element elementor-element-7e9b5b2 animated-slow e-flex e-con-boxed elementor-invisible e-con e-parent\" data-id=\"7e9b5b2\" data-element_type=\"container\" data-e-type=\"container\" data-settings=\"{&quot;animation&quot;:&quot;fadeInRight&quot;}\">\n\t\t\t\t\t<div class=\"e-con-inner\">\n\t\t<div class=\"elementor-element elementor-element-c6a54c4 e-con-full e-flex e-con e-child\" data-id=\"c6a54c4\" data-element_type=\"container\" data-e-type=\"container\">\n\t\t\t\t<div class=\"elementor-element elementor-element-c880b4e elementor-widget elementor-widget-image\" data-id=\"c880b4e\" data-element_type=\"widget\" data-e-type=\"widget\" data-widget_type=\"image.default\">\n\t\t\t\t<div class=\"elementor-widget-container\">\n\t\t\t\t\t\t\t\t\t\t\t\t\t\t\t<img decoding=\"async\" width=\"1024\" height=\"570\" src=\"https:\/\/monosistema.com.mx\/wp-content\/uploads\/2024\/01\/software.png\" class=\"attachment-large size-large wp-image-1046\" alt=\"\" \/>\t\t\t\t\t\t\t\t\t\t\t\t\t\t\t<\/div>\n\t\t\t\t<\/div>\n\t\t\t\t<\/div>\n\t\t<div class=\"elementor-element elementor-element-0a70900 e-con-full e-flex e-con e-child\" data-id=\"0a70900\" data-element_type=\"container\" data-e-type=\"container\">\n\t\t\t\t<div class=\"elementor-element elementor-element-7370a36 elementor-widget elementor-widget-image-box\" data-id=\"7370a36\" data-element_type=\"widget\" data-e-type=\"widget\" data-widget_type=\"image-box.default\">\n\t\t\t\t<div class=\"elementor-widget-container\">\n\t\t\t\t\t<div class=\"elementor-image-box-wrapper\"><div class=\"elementor-image-box-content\"><h2 class=\"elementor-image-box-title\">Venta de Software<\/h2><p class=\"elementor-image-box-description\">Nuestra oferta de software est\u00e1 dise\u00f1ada para potenciar la eficiencia, la productividad y la innovaci\u00f3n en tu negocio. Colaboramos con desarrolladores l\u00edderes en la industria para ofrecer soluciones de software de vanguardia que abarcan desde aplicaciones empresariales hasta sistemas operativos y herramientas de seguridad. En Monosistema, entendemos que cada empresa es \u00fanica, por lo que ofrecemos opciones personalizadas que se adaptan a tus necesidades espec\u00edficas, garantizando un entorno inform\u00e1tico fluido y seguro.<\/p><\/div><\/div>\t\t\t\t<\/div>\n\t\t\t\t<\/div>\n\t\t\t\t<\/div>\n\t\t\t\t\t<\/div>\n\t\t\t\t<\/div>\n\t\t<div class=\"elementor-element elementor-element-7ec7c6b animated-slow e-flex e-con-boxed elementor-invisible e-con e-parent\" data-id=\"7ec7c6b\" data-element_type=\"container\" data-e-type=\"container\" data-settings=\"{&quot;animation&quot;:&quot;fadeInLeft&quot;}\">\n\t\t\t\t\t<div class=\"e-con-inner\">\n\t\t<div class=\"elementor-element elementor-element-d1ba4fb e-con-full e-flex e-con e-child\" data-id=\"d1ba4fb\" data-element_type=\"container\" data-e-type=\"container\">\n\t\t\t\t<div class=\"elementor-element elementor-element-ac4b140 elementor-widget elementor-widget-image-box\" data-id=\"ac4b140\" data-element_type=\"widget\" data-e-type=\"widget\" data-widget_type=\"image-box.default\">\n\t\t\t\t<div class=\"elementor-widget-container\">\n\t\t\t\t\t<div class=\"elementor-image-box-wrapper\"><div class=\"elementor-image-box-content\"><h2 class=\"elementor-image-box-title\">Venta de Sistemas<\/h2><p class=\"elementor-image-box-description\">En el coraz\u00f3n de la transformaci\u00f3n digital, Monosistema ofrece soluciones integrales que combinan hardware y software para crear sistemas completos y eficientes. Nos especializamos en dise\u00f1ar y desplegar sistemas personalizados que abordan los desaf\u00edos espec\u00edficos de tu industria. Desde la planificaci\u00f3n hasta la implementaci\u00f3n y el soporte continuo, nuestro enfoque integral asegura que obtengas el m\u00e1ximo valor de tus inversiones en tecnolog\u00eda. Ya sea para mejorar la colaboraci\u00f3n, optimizar procesos o impulsar la innovaci\u00f3n, Monosistema es tu socio confiable en la construcci\u00f3n de sistemas tecnol\u00f3gicos que impulsan el \u00e9xito empresarial.<\/p><\/div><\/div>\t\t\t\t<\/div>\n\t\t\t\t<\/div>\n\t\t\t\t<\/div>\n\t\t<div class=\"elementor-element elementor-element-9c33f81 e-con-full e-flex e-con e-child\" data-id=\"9c33f81\" data-element_type=\"container\" data-e-type=\"container\">\n\t\t\t\t<div class=\"elementor-element elementor-element-08c0a55 elementor-widget elementor-widget-image\" data-id=\"08c0a55\" data-element_type=\"widget\" data-e-type=\"widget\" data-widget_type=\"image.default\">\n\t\t\t\t<div class=\"elementor-widget-container\">\n\t\t\t\t\t\t\t\t\t\t\t\t\t\t\t<img decoding=\"async\" width=\"512\" height=\"352\" src=\"https:\/\/monosistema.com.mx\/wp-content\/uploads\/2024\/01\/sistemas.jpeg\" class=\"attachment-large size-large wp-image-1047\" alt=\"\" \/>\t\t\t\t\t\t\t\t\t\t\t\t\t\t\t<\/div>\n\t\t\t\t<\/div>\n\t\t\t\t<\/div>\n\t\t\t\t\t<\/div>\n\t\t\t\t<\/div>\n\t\t<div class=\"elementor-element elementor-element-031153d animated-slow e-flex e-con-boxed elementor-invisible e-con e-parent\" data-id=\"031153d\" data-element_type=\"container\" data-e-type=\"container\" data-settings=\"{&quot;animation&quot;:&quot;fadeInRight&quot;}\">\n\t\t\t\t\t<div class=\"e-con-inner\">\n\t\t<div class=\"elementor-element elementor-element-eb87654 e-con-full e-flex e-con e-child\" data-id=\"eb87654\" data-element_type=\"container\" data-e-type=\"container\">\n\t\t\t\t<div class=\"elementor-element elementor-element-e451fcb elementor-widget elementor-widget-image\" data-id=\"e451fcb\" data-element_type=\"widget\" data-e-type=\"widget\" data-widget_type=\"image.default\">\n\t\t\t\t<div class=\"elementor-widget-container\">\n\t\t\t\t\t\t\t\t\t\t\t\t\t\t\t<img loading=\"lazy\" decoding=\"async\" width=\"800\" height=\"500\" src=\"https:\/\/monosistema.com.mx\/wp-content\/uploads\/2024\/09\/aire.jpg\" class=\"attachment-large size-large wp-image-1149\" alt=\"\" srcset=\"https:\/\/monosistema.com.mx\/wp-content\/uploads\/2024\/09\/aire.jpg 800w, https:\/\/monosistema.com.mx\/wp-content\/uploads\/2024\/09\/aire-300x188.jpg 300w, https:\/\/monosistema.com.mx\/wp-content\/uploads\/2024\/09\/aire-768x480.jpg 768w\" sizes=\"(max-width: 800px) 100vw, 800px\" \/>\t\t\t\t\t\t\t\t\t\t\t\t\t\t\t<\/div>\n\t\t\t\t<\/div>\n\t\t\t\t<\/div>\n\t\t<div class=\"elementor-element elementor-element-a60366d e-con-full e-flex e-con e-child\" data-id=\"a60366d\" data-element_type=\"container\" data-e-type=\"container\">\n\t\t\t\t<div class=\"elementor-element elementor-element-a49ca91 elementor-widget elementor-widget-image-box\" data-id=\"a49ca91\" data-element_type=\"widget\" data-e-type=\"widget\" data-widget_type=\"image-box.default\">\n\t\t\t\t<div class=\"elementor-widget-container\">\n\t\t\t\t\t<div class=\"elementor-image-box-wrapper\"><div class=\"elementor-image-box-content\"><h2 class=\"elementor-image-box-title\">Venta e Instalaci\u00f3n de Sistemas de Aire Acondicionado<\/h2><p class=\"elementor-image-box-description\">Somos especialistas en sistemas de aire acondicionado, ofreciendo servicios de venta, instalaci\u00f3n y mantenimiento. Nuestro objetivo es garantizar condiciones \u00f3ptimas para tu confort y las necesidades clim\u00e1ticas de tus procesos industriales y comerciales.\n\nCon amplia experiencia, hemos implementado soluciones de aire acondicionado en diversos entornos que requieren condiciones ambientales controladas.<\/p><\/div><\/div>\t\t\t\t<\/div>\n\t\t\t\t<\/div>\n\t\t\t\t<\/div>\n\t\t\t\t\t<\/div>\n\t\t\t\t<\/div>\n\t\t\t\t<\/div>\n\t\t","protected":false},"excerpt":{"rendered":"<p>SERVICIOS Venta de Hardware En el \u00e1mbito de hardware, Monosistema se destaca por ofrecer una amplia gama de soluciones tecnol\u00f3gicas robustas y confiables. Desde componentes esenciales hasta sistemas completos, nuestro cat\u00e1logo abarca equipos de \u00faltima generaci\u00f3n dise\u00f1ados para satisfacer las demandas de rendimiento, eficiencia y durabilidad. Ya sea que necesites actualizar tu infraestructura inform\u00e1tica o [&hellip;]<\/p>\n","protected":false},"author":1,"featured_media":0,"parent":0,"menu_order":0,"comment_status":"closed","ping_status":"closed","template":"","meta":{"site-sidebar-layout":"no-sidebar","site-content-layout":"page-builder","ast-site-content-layout":"default","site-content-style":"default","site-sidebar-style":"default","ast-global-header-display":"","ast-banner-title-visibility":"","ast-main-header-display":"","ast-hfb-above-header-display":"","ast-hfb-below-header-display":"","ast-hfb-mobile-header-display":"","site-post-title":"disabled","ast-breadcrumbs-content":"","ast-featured-img":"","footer-sml-layout":"","ast-disable-related-posts":"","theme-transparent-header-meta":"enabled","adv-header-id-meta":"","stick-header-meta":"","header-above-stick-meta":"","header-main-stick-meta":"","header-below-stick-meta":"","astra-migrate-meta-layouts":"default","ast-page-background-enabled":"default","ast-page-background-meta":{"desktop":{"background-color":"","background-image":"","background-repeat":"repeat","background-position":"center center","background-size":"auto","background-attachment":"scroll","background-type":"","background-media":"","overlay-type":"","overlay-color":"","overlay-opacity":"","overlay-gradient":""},"tablet":{"background-color":"","background-image":"","background-repeat":"repeat","background-position":"center center","background-size":"auto","background-attachment":"scroll","background-type":"","background-media":"","overlay-type":"","overlay-color":"","overlay-opacity":"","overlay-gradient":""},"mobile":{"background-color":"","background-image":"","background-repeat":"repeat","background-position":"center center","background-size":"auto","background-attachment":"scroll","background-type":"","background-media":"","overlay-type":"","overlay-color":"","overlay-opacity":"","overlay-gradient":""}},"ast-content-background-meta":{"desktop":{"background-color":"var(--ast-global-color-5)","background-image":"","background-repeat":"repeat","background-position":"center center","background-size":"auto","background-attachment":"scroll","background-type":"","background-media":"","overlay-type":"","overlay-color":"","overlay-opacity":"","overlay-gradient":""},"tablet":{"background-color":"var(--ast-global-color-5)","background-image":"","background-repeat":"repeat","background-position":"center center","background-size":"auto","background-attachment":"scroll","background-type":"","background-media":"","overlay-type":"","overlay-color":"","overlay-opacity":"","overlay-gradient":""},"mobile":{"background-color":"var(--ast-global-color-5)","background-image":"","background-repeat":"repeat","background-position":"center center","background-size":"auto","background-attachment":"scroll","background-type":"","background-media":"","overlay-type":"","overlay-color":"","overlay-opacity":"","overlay-gradient":""}},"footnotes":""},"class_list":["post-32","page","type-page","status-publish","hentry"],"yoast_head":"<!-- This site is optimized with the Yoast SEO plugin v27.6 - https:\/\/yoast.com\/product\/yoast-seo-wordpress\/ -->\n<title>Servicios - monosistema.com.mx<\/title>\n<meta name=\"robots\" content=\"index, follow, max-snippet:-1, max-image-preview:large, max-video-preview:-1\" \/>\n<link rel=\"canonical\" href=\"https:\/\/monosistema.com.mx\/index.php\/servicios\/\" \/>\n<meta property=\"og:locale\" content=\"es_MX\" \/>\n<meta property=\"og:type\" content=\"article\" \/>\n<meta property=\"og:title\" content=\"Servicios - monosistema.com.mx\" \/>\n<meta property=\"og:description\" content=\"SERVICIOS Venta de Hardware En el \u00e1mbito de hardware, Monosistema se destaca por ofrecer una amplia gama de soluciones tecnol\u00f3gicas robustas y confiables. Desde componentes esenciales hasta sistemas completos, nuestro cat\u00e1logo abarca equipos de \u00faltima generaci\u00f3n dise\u00f1ados para satisfacer las demandas de rendimiento, eficiencia y durabilidad. Ya sea que necesites actualizar tu infraestructura inform\u00e1tica o [&hellip;]\" \/>\n<meta property=\"og:url\" content=\"https:\/\/monosistema.com.mx\/index.php\/servicios\/\" \/>\n<meta property=\"og:site_name\" content=\"monosistema.com.mx\" \/>\n<meta property=\"article:modified_time\" content=\"2024-09-22T03:42:47+00:00\" \/>\n<meta property=\"og:image\" content=\"https:\/\/monosistema.com.mx\/wp-content\/uploads\/2024\/01\/hardware.jpeg\" \/>\n<meta name=\"twitter:card\" content=\"summary_large_image\" \/>\n<meta name=\"twitter:label1\" content=\"Tiempo de lectura\" \/>\n\t<meta name=\"twitter:data1\" content=\"3 minutos\" \/>\n<script type=\"application\/ld+json\" class=\"yoast-schema-graph\">{\"@context\":\"https:\\\/\\\/schema.org\",\"@graph\":[{\"@type\":\"WebPage\",\"@id\":\"https:\\\/\\\/monosistema.com.mx\\\/index.php\\\/servicios\\\/\",\"url\":\"https:\\\/\\\/monosistema.com.mx\\\/index.php\\\/servicios\\\/\",\"name\":\"Servicios - monosistema.com.mx\",\"isPartOf\":{\"@id\":\"https:\\\/\\\/monosistema.com.mx\\\/#website\"},\"primaryImageOfPage\":{\"@id\":\"https:\\\/\\\/monosistema.com.mx\\\/index.php\\\/servicios\\\/#primaryimage\"},\"image\":{\"@id\":\"https:\\\/\\\/monosistema.com.mx\\\/index.php\\\/servicios\\\/#primaryimage\"},\"thumbnailUrl\":\"https:\\\/\\\/monosistema.com.mx\\\/wp-content\\\/uploads\\\/2024\\\/01\\\/hardware.jpeg\",\"datePublished\":\"2020-04-13T11:18:50+00:00\",\"dateModified\":\"2024-09-22T03:42:47+00:00\",\"breadcrumb\":{\"@id\":\"https:\\\/\\\/monosistema.com.mx\\\/index.php\\\/servicios\\\/#breadcrumb\"},\"inLanguage\":\"es\",\"potentialAction\":[{\"@type\":\"ReadAction\",\"target\":[\"https:\\\/\\\/monosistema.com.mx\\\/index.php\\\/servicios\\\/\"]}]},{\"@type\":\"ImageObject\",\"inLanguage\":\"es\",\"@id\":\"https:\\\/\\\/monosistema.com.mx\\\/index.php\\\/servicios\\\/#primaryimage\",\"url\":\"https:\\\/\\\/monosistema.com.mx\\\/wp-content\\\/uploads\\\/2024\\\/01\\\/hardware.jpeg\",\"contentUrl\":\"https:\\\/\\\/monosistema.com.mx\\\/wp-content\\\/uploads\\\/2024\\\/01\\\/hardware.jpeg\",\"width\":740,\"height\":400},{\"@type\":\"BreadcrumbList\",\"@id\":\"https:\\\/\\\/monosistema.com.mx\\\/index.php\\\/servicios\\\/#breadcrumb\",\"itemListElement\":[{\"@type\":\"ListItem\",\"position\":1,\"name\":\"Inicio\",\"item\":\"https:\\\/\\\/monosistema.com.mx\\\/\"},{\"@type\":\"ListItem\",\"position\":2,\"name\":\"Servicios\"}]},{\"@type\":\"WebSite\",\"@id\":\"https:\\\/\\\/monosistema.com.mx\\\/#website\",\"url\":\"https:\\\/\\\/monosistema.com.mx\\\/\",\"name\":\"monosistema.com.mx\",\"description\":\"\",\"publisher\":{\"@id\":\"https:\\\/\\\/monosistema.com.mx\\\/#organization\"},\"potentialAction\":[{\"@type\":\"SearchAction\",\"target\":{\"@type\":\"EntryPoint\",\"urlTemplate\":\"https:\\\/\\\/monosistema.com.mx\\\/?s={search_term_string}\"},\"query-input\":{\"@type\":\"PropertyValueSpecification\",\"valueRequired\":true,\"valueName\":\"search_term_string\"}}],\"inLanguage\":\"es\"},{\"@type\":\"Organization\",\"@id\":\"https:\\\/\\\/monosistema.com.mx\\\/#organization\",\"name\":\"monosistema.com.mx\",\"url\":\"https:\\\/\\\/monosistema.com.mx\\\/\",\"logo\":{\"@type\":\"ImageObject\",\"inLanguage\":\"es\",\"@id\":\"https:\\\/\\\/monosistema.com.mx\\\/#\\\/schema\\\/logo\\\/image\\\/\",\"url\":\"https:\\\/\\\/monosistema.com.mx\\\/wp-content\\\/uploads\\\/2024\\\/01\\\/MONOSISTEMA-LOGO-400X400.png\",\"contentUrl\":\"https:\\\/\\\/monosistema.com.mx\\\/wp-content\\\/uploads\\\/2024\\\/01\\\/MONOSISTEMA-LOGO-400X400.png\",\"width\":400,\"height\":400,\"caption\":\"monosistema.com.mx\"},\"image\":{\"@id\":\"https:\\\/\\\/monosistema.com.mx\\\/#\\\/schema\\\/logo\\\/image\\\/\"}}]}<\/script>\n<!-- \/ Yoast SEO plugin. -->","yoast_head_json":{"title":"Servicios - monosistema.com.mx","robots":{"index":"index","follow":"follow","max-snippet":"max-snippet:-1","max-image-preview":"max-image-preview:large","max-video-preview":"max-video-preview:-1"},"canonical":"https:\/\/monosistema.com.mx\/index.php\/servicios\/","og_locale":"es_MX","og_type":"article","og_title":"Servicios - monosistema.com.mx","og_description":"SERVICIOS Venta de Hardware En el \u00e1mbito de hardware, Monosistema se destaca por ofrecer una amplia gama de soluciones tecnol\u00f3gicas robustas y confiables. Desde componentes esenciales hasta sistemas completos, nuestro cat\u00e1logo abarca equipos de \u00faltima generaci\u00f3n dise\u00f1ados para satisfacer las demandas de rendimiento, eficiencia y durabilidad. Ya sea que necesites actualizar tu infraestructura inform\u00e1tica o [&hellip;]","og_url":"https:\/\/monosistema.com.mx\/index.php\/servicios\/","og_site_name":"monosistema.com.mx","article_modified_time":"2024-09-22T03:42:47+00:00","og_image":[{"url":"https:\/\/monosistema.com.mx\/wp-content\/uploads\/2024\/01\/hardware.jpeg","type":"","width":"","height":""}],"twitter_card":"summary_large_image","twitter_misc":{"Tiempo de lectura":"3 minutos"},"schema":{"@context":"https:\/\/schema.org","@graph":[{"@type":"WebPage","@id":"https:\/\/monosistema.com.mx\/index.php\/servicios\/","url":"https:\/\/monosistema.com.mx\/index.php\/servicios\/","name":"Servicios - monosistema.com.mx","isPartOf":{"@id":"https:\/\/monosistema.com.mx\/#website"},"primaryImageOfPage":{"@id":"https:\/\/monosistema.com.mx\/index.php\/servicios\/#primaryimage"},"image":{"@id":"https:\/\/monosistema.com.mx\/index.php\/servicios\/#primaryimage"},"thumbnailUrl":"https:\/\/monosistema.com.mx\/wp-content\/uploads\/2024\/01\/hardware.jpeg","datePublished":"2020-04-13T11:18:50+00:00","dateModified":"2024-09-22T03:42:47+00:00","breadcrumb":{"@id":"https:\/\/monosistema.com.mx\/index.php\/servicios\/#breadcrumb"},"inLanguage":"es","potentialAction":[{"@type":"ReadAction","target":["https:\/\/monosistema.com.mx\/index.php\/servicios\/"]}]},{"@type":"ImageObject","inLanguage":"es","@id":"https:\/\/monosistema.com.mx\/index.php\/servicios\/#primaryimage","url":"https:\/\/monosistema.com.mx\/wp-content\/uploads\/2024\/01\/hardware.jpeg","contentUrl":"https:\/\/monosistema.com.mx\/wp-content\/uploads\/2024\/01\/hardware.jpeg","width":740,"height":400},{"@type":"BreadcrumbList","@id":"https:\/\/monosistema.com.mx\/index.php\/servicios\/#breadcrumb","itemListElement":[{"@type":"ListItem","position":1,"name":"Inicio","item":"https:\/\/monosistema.com.mx\/"},{"@type":"ListItem","position":2,"name":"Servicios"}]},{"@type":"WebSite","@id":"https:\/\/monosistema.com.mx\/#website","url":"https:\/\/monosistema.com.mx\/","name":"monosistema.com.mx","description":"","publisher":{"@id":"https:\/\/monosistema.com.mx\/#organization"},"potentialAction":[{"@type":"SearchAction","target":{"@type":"EntryPoint","urlTemplate":"https:\/\/monosistema.com.mx\/?s={search_term_string}"},"query-input":{"@type":"PropertyValueSpecification","valueRequired":true,"valueName":"search_term_string"}}],"inLanguage":"es"},{"@type":"Organization","@id":"https:\/\/monosistema.com.mx\/#organization","name":"monosistema.com.mx","url":"https:\/\/monosistema.com.mx\/","logo":{"@type":"ImageObject","inLanguage":"es","@id":"https:\/\/monosistema.com.mx\/#\/schema\/logo\/image\/","url":"https:\/\/monosistema.com.mx\/wp-content\/uploads\/2024\/01\/MONOSISTEMA-LOGO-400X400.png","contentUrl":"https:\/\/monosistema.com.mx\/wp-content\/uploads\/2024\/01\/MONOSISTEMA-LOGO-400X400.png","width":400,"height":400,"caption":"monosistema.com.mx"},"image":{"@id":"https:\/\/monosistema.com.mx\/#\/schema\/logo\/image\/"}}]}},"_links":{"self":[{"href":"https:\/\/monosistema.com.mx\/index.php\/wp-json\/wp\/v2\/pages\/32","targetHints":{"allow":["GET"]}}],"collection":[{"href":"https:\/\/monosistema.com.mx\/index.php\/wp-json\/wp\/v2\/pages"}],"about":[{"href":"https:\/\/monosistema.com.mx\/index.php\/wp-json\/wp\/v2\/types\/page"}],"author":[{"embeddable":true,"href":"https:\/\/monosistema.com.mx\/index.php\/wp-json\/wp\/v2\/users\/1"}],"replies":[{"embeddable":true,"href":"https:\/\/monosistema.com.mx\/index.php\/wp-json\/wp\/v2\/comments?post=32"}],"version-history":[{"count":22,"href":"https:\/\/monosistema.com.mx\/index.php\/wp-json\/wp\/v2\/pages\/32\/revisions"}],"predecessor-version":[{"id":1152,"href":"https:\/\/monosistema.com.mx\/index.php\/wp-json\/wp\/v2\/pages\/32\/revisions\/1152"}],"wp:attachment":[{"href":"https:\/\/monosistema.com.mx\/index.php\/wp-json\/wp\/v2\/media?parent=32"}],"curies":[{"name":"wp","href":"https:\/\/api.w.org\/{rel}","templated":true}]}}